{"id":595,"date":"2025-01-20T11:03:05","date_gmt":"2025-01-20T11:03:05","guid":{"rendered":"https:\/\/superflox.com\/hoe-werkt-het\/"},"modified":"2025-03-06T16:14:32","modified_gmt":"2025-03-06T16:14:32","slug":"hoe-werkt-het","status":"publish","type":"page","link":"https:\/\/superflox.com\/nl\/hoe-werkt-het\/","title":{"rendered":"Hoe werkt het"},"content":{"rendered":"\n<div class=\"wp-block-group alignwide has-global-padding is-layout-constrained wp-block-group-is-layout-constrained\" style=\"margin-bottom:var(--wp--preset--spacing--80)\">\n<h2 class=\"wp-block-heading\">NATUURWETTEN BENUTTEN OM SCHONE LUCHT TE CRE\u00cbREN<\/h2>\n\n\n\n<p>De unieke gepatenteerde technologie van SuperFlox een ongekende reductie van emissies, en luidt daarmee een nieuw tijdperk in van intelligente schone-luchttechnologie. Het is zelfs in staat om een veelheid aan schadelijke gassen om te zetten in schone lucht en CO\u2082 te verminderen <em>zonder NO<sub>x<\/sub> te cre\u00ebren<\/em> &#8211; iets wat voorheen onmogelijk werd geacht. Het klinkt te mooi om waar te zijn, maar het is bewezen, gecertificeerd en veilig. Laat ons u uitleggen hoe wetenschap magie overstijgt.<\/p>\n\n\n\n<p>De gepatenteerde vlamloze oxidatietechnologie van SuperFlox benut de fundamentele wetten van chemie en fysica om schadelijke emissies om te zetten in schone lucht. Wat SuperFlox wereldwijd uniek maakt, is de onge\u00ebvenaarde emissiereductie, schaalbaarheid, effici\u00ebntie en het vermogen om fluctuerende concentraties en vari\u00ebrende samenstellingen van afvalgassen te verwerken &#8211; waardoor het meer dan 95% van alle afvalgassen kan behandelen.<\/p>\n\n\n\n<p>Een buitengewon voordeel van de vlamloze oxidatie van SuperFlox is het vermogen om lange koolwaterstoffen en aromatische verbindingen, zoals het schadelijke benzeen, af te breken tot enkel kooldioxide en waterdamp. Dit maakt SuperFlox tot het meest complete luchtzuiveringsproces dat beschikbaar is.<\/p>\n\n\n\n<p>Maar het goede nieuws stopt hier niet &#8211; SuperFlox-technologie heeft geen grote extra hoeveelheden energie of ondersteunend gas nodig, zoals de inmiddels verouderde verbrandingstechnieken die inferieure resultaten opleveren. Dit zorgt voor aanzienlijke besparingen op operationele kosten voor emissiereductie. Hierdoor is SuperFlox de meest kosteneffectieve CO\u2082 -reductietechnologie ter wereld, met de laagste kosten per ton gereduceerde CO\u2082.<\/p>\n<\/div>\n\n\n\n<div class=\"wp-block-group alignfull has-accent-1-background-color has-background has-global-padding is-layout-constrained wp-block-group-is-layout-constrained\" style=\"margin-top:0;margin-bottom:0;padding-top:var(--wp--preset--spacing--50);padding-bottom:var(--wp--preset--spacing--50)\">\n<div class=\"wp-block-group is-nowrap is-layout-flex wp-container-core-group-is-layout-6c531013 wp-block-group-is-layout-flex\">\n<p class=\"has-text-align-center is-style-text-annotation has-border-color has-base-border-color has-contrast-color has-base-background-color has-text-color has-background has-link-color wp-elements-87832989f247ece24b752c8c4272a5cb wp-container-content-8e98ba44 is-style-text-annotation--1\" style=\"border-radius:2rem;font-size:clamp(1.25rem, 1.25rem + ((1vw - 0.2rem) * 1.25), 2rem);font-style:normal;font-weight:800;line-height:1.5\">1<\/p>\n\n\n\n<h3 class=\"wp-block-heading has-x-large-font-size\"> SCHADELIJKE MOLECULEN AFBREKEN<\/h3>\n<\/div>\n\n\n\n<p>Stel je deze verbindingen voor als een ketting van kralen. Wanneer ze aan elkaar vastzitten, zijn ze schadelijk. SuperFlox fungeert als een schaar die het koord doorknipt dat de kralen bijeenhoudt. Dit proces breekt complexe moleculaire structuren af tot onschadelijke componenten &#8211; waterdamp en kooldioxide (CO\u2082). SuperFlox kan de vrijgekomen CO\u2082 opvangen en doorverkopen aan sectoren zoals kunstmestproducenten, baksteenfabrieken of kassen die groenten verbouwen.<\/p>\n<\/div>\n\n\n\n<div class=\"wp-block-group alignfull has-accent-1-background-color has-background has-global-padding is-layout-constrained wp-block-group-is-layout-constrained\" style=\"margin-top:0;margin-bottom:0;padding-top:var(--wp--preset--spacing--50);padding-bottom:var(--wp--preset--spacing--50)\">\n<div class=\"wp-block-group is-nowrap is-layout-flex wp-container-core-group-is-layout-6c531013 wp-block-group-is-layout-flex\">\n<p class=\"has-text-align-center is-style-text-annotation has-border-color has-base-border-color has-contrast-color has-base-background-color has-text-color has-background has-link-color wp-elements-d2d8dd851c22e5f2677ec74125660c07 wp-container-content-8e98ba44 is-style-text-annotation--2\" style=\"border-radius:2rem;font-size:clamp(1.25rem, 1.25rem + ((1vw - 0.2rem) * 1.25), 2rem);font-style:normal;font-weight:800;line-height:1.5\">2<\/p>\n\n\n\n<h3 class=\"wp-block-heading has-x-large-font-size\">VLAMLOZE OXIDATIE IN ACTIE<\/h3>\n<\/div>\n\n\n\n<p>SuperFlox gaat verder dan traditionele verbrandingsmethoden en benut chemische processen op revolutionaire wijze:<\/p>\n\n\n\n<div class=\"wp-block-columns is-layout-flex wp-container-core-columns-is-layout-28f84493 wp-block-columns-is-layout-flex\">\n<div class=\"wp-block-column is-layout-flow wp-block-column-is-layout-flow\">\n<p><strong>Verbranding zonder vlam<\/strong><\/p>\n\n\n\n<p>Door te werken op de helft van de temperatuur van conventionele methoden, voorkomt SuperFlox effectief de vorming van schadelijke NO<sub>x<\/sub>-bijproducten.<\/p>\n<\/div>\n\n\n\n<div class=\"wp-block-column is-layout-flow wp-block-column-is-layout-flow\">\n<p><strong>Effici\u00ebnte omzetting<\/strong><\/p>\n\n\n\n<p>Door gecontroleerde oxidatie worden schadelijke gassen omgezet in kooldioxide (CO\u2082) en waterdamp met bijna nul schadelijke emissies, wat een 98% reductie in NO<sub>x<\/sub> en CO\u2082 oplevert.<\/p>\n<\/div>\n\n\n\n<div class=\"wp-block-column is-layout-flow wp-block-column-is-layout-flow\">\n<p><strong>Verwerkt elk type gas<\/strong><\/p>\n\n\n\n<p><strong> <\/strong>SuperFlox is ontworpen om laag-calorische gassen (1-15 MJ\/Nm<sup>3<\/sup>) effici\u00ebnt te verwerken, terwijl het veiligheid en stabiliteit garandeert zonder voorverwarming of voorvermenging &#8211; processen die vaak explosiegevaar met zich meebrengen.<\/p>\n<\/div>\n<\/div>\n<\/div>\n\n\n\n<div class=\"wp-block-group alignfull has-accent-1-background-color has-background has-global-padding is-layout-constrained wp-block-group-is-layout-constrained\" style=\"margin-top:0;margin-bottom:0;padding-top:var(--wp--preset--spacing--50);padding-bottom:var(--wp--preset--spacing--40)\">\n<div class=\"wp-block-group is-nowrap is-layout-flex wp-container-core-group-is-layout-6c531013 wp-block-group-is-layout-flex\">\n<p class=\"has-text-align-center is-style-text-annotation has-border-color has-base-border-color has-contrast-color has-base-background-color has-text-color has-background has-link-color wp-elements-97c85c4bbda42eda85aad559c8bdee38 wp-container-content-8e98ba44 is-style-text-annotation--3\" style=\"border-radius:2rem;font-size:clamp(1.25rem, 1.25rem + ((1vw - 0.2rem) * 1.25), 2rem);font-style:normal;font-weight:800;line-height:1.5\">3<\/p>\n\n\n\n<h3 class=\"wp-block-heading has-x-large-font-size\">MEETBARE RESULTATEN<\/h3>\n<\/div>\n\n\n\n<p>SuperFlox biedt niet alleen drastisch verminderde emissies voor onze gezondheid en de toekomst van de planeet, maar transformeert ook de ecologische impact van uw bedrijf. Dankzij de aanzienlijke generatie van koolstofkredieten, naleving van wereldwijde regelgeving zoals het EU-verbod op affakkelen voor tankers in 2024 en lagere kosten voor emissiehandelssystemen (ETS), helpt SuperFlox bedrijven om duurzaamheidseisen na te leven. Bovendien levert het waardevolle emissiereductiegegevens voor uw Corporate Sustainability Reporting Directive (CSRD)-rapportage.<br><\/p>\n\n\n\n<p>De voordelen zijn duidelijk<\/p>\n\n\n\n<ul class=\"wp-block-list\">\n<li>Schonere lucht<\/li>\n\n\n\n<li>Veiligere processen<\/li>\n\n\n\n<li>Hogere aandeelhouderswaarde<\/li>\n\n\n\n<li>Lagere kosten voor de volksgezondheid<\/li>\n<\/ul>\n\n\n\n<div class=\"wp-block-buttons is-layout-flex wp-container-core-buttons-is-layout-cde8c5a0 wp-block-buttons-is-layout-flex\" style=\"padding-top:var(--wp--preset--spacing--50);padding-bottom:var(--wp--preset--spacing--50)\">\n<div class=\"wp-block-button\"><a class=\"wp-block-button__link has-base-color has-accent-2-background-color has-text-color has-background has-link-color wp-element-button\" href=\"https:\/\/superflox.com\/nl\/contact\/\">Neem contact met ons op om je emissies te reinigen<\/a><\/div>\n<\/div>\n<\/div>\n","protected":false},"excerpt":{"rendered":"<p>NATUURWETTEN BENUTTEN OM SCHONE LUCHT TE CRE\u00cbREN De unieke gepatenteerde technologie van SuperFlox een ongekende reductie van emissies, en luidt daarmee een nieuw tijdperk in van intelligente schone-luchttechnologie. Het is zelfs in staat om een veelheid aan schadelijke gassen om te zetten in schone lucht en CO\u2082 te verminderen zonder NOx te cre\u00ebren &#8211; iets [&hellip;]<\/p>\n","protected":false},"author":1,"featured_media":0,"parent":0,"menu_order":0,"comment_status":"closed","ping_status":"closed","template":"page-no-title","meta":{"_improvement_type_select":"improve_an_existing","_thumb_yes_seoaic":false,"_frame_yes_seoaic":false,"seoaic_generate_description":"","seoaic_improve_instructions_prompt":"","seoaic_rollback_content_improvement":"","seoaic_idea_thumbnail_generator":"","thumbnail_generated":false,"thumbnail_generate_prompt":"","seoaic_article_description":"","footnotes":""},"class_list":["post-595","page","type-page","status-publish","hentry"],"yoast_head":"<!-- This site is optimized with the Yoast SEO plugin v26.7 - https:\/\/yoast.com\/wordpress\/plugins\/seo\/ -->\n<title>Hoe werkt het - SuperFlox<\/title>\n<meta name=\"robots\" content=\"index, follow, max-snippet:-1, max-image-preview:large, max-video-preview:-1\" \/>\n<link rel=\"canonical\" href=\"https:\/\/superflox.com\/how-it-works\/\" \/>\n<meta property=\"og:locale\" content=\"nl_NL\" \/>\n<meta property=\"og:type\" content=\"article\" \/>\n<meta property=\"og:title\" content=\"Hoe werkt het - SuperFlox\" \/>\n<meta property=\"og:description\" content=\"NATUURWETTEN BENUTTEN OM SCHONE LUCHT TE CRE\u00cbREN De unieke gepatenteerde technologie van SuperFlox een ongekende reductie van emissies, en luidt daarmee een nieuw tijdperk in van intelligente schone-luchttechnologie. Het is zelfs in staat om een veelheid aan schadelijke gassen om te zetten in schone lucht en CO\u2082 te verminderen zonder NOx te cre\u00ebren &#8211; iets [&hellip;]\" \/>\n<meta property=\"og:url\" content=\"https:\/\/superflox.com\/how-it-works\/\" \/>\n<meta property=\"og:site_name\" content=\"SuperFlox\" \/>\n<meta property=\"article:modified_time\" content=\"2025-03-06T16:14:32+00:00\" \/>\n<meta name=\"twitter:card\" content=\"summary_large_image\" \/>\n<meta name=\"twitter:label1\" content=\"Est. reading time\" \/>\n\t<meta name=\"twitter:data1\" content=\"3 minutes\" \/>\n<script type=\"application\/ld+json\" class=\"yoast-schema-graph\">{\"@context\":\"https:\/\/schema.org\",\"@graph\":[{\"@type\":\"WebPage\",\"@id\":\"https:\/\/superflox.com\/how-it-works\/\",\"url\":\"https:\/\/superflox.com\/how-it-works\/\",\"name\":\"Hoe werkt het - SuperFlox\",\"isPartOf\":{\"@id\":\"https:\/\/superflox.com\/#website\"},\"datePublished\":\"2025-01-20T11:03:05+00:00\",\"dateModified\":\"2025-03-06T16:14:32+00:00\",\"breadcrumb\":{\"@id\":\"https:\/\/superflox.com\/how-it-works\/#breadcrumb\"},\"inLanguage\":\"nl-NL\",\"potentialAction\":[{\"@type\":\"ReadAction\",\"target\":[\"https:\/\/superflox.com\/how-it-works\/\"]}]},{\"@type\":\"BreadcrumbList\",\"@id\":\"https:\/\/superflox.com\/how-it-works\/#breadcrumb\",\"itemListElement\":[{\"@type\":\"ListItem\",\"position\":1,\"name\":\"Home\",\"item\":\"https:\/\/superflox.com\/nl\/\"},{\"@type\":\"ListItem\",\"position\":2,\"name\":\"Hoe werkt het\"}]},{\"@type\":\"WebSite\",\"@id\":\"https:\/\/superflox.com\/#website\",\"url\":\"https:\/\/superflox.com\/\",\"name\":\"SuperFlox\",\"description\":\"\",\"publisher\":{\"@id\":\"https:\/\/superflox.com\/#organization\"},\"potentialAction\":[{\"@type\":\"SearchAction\",\"target\":{\"@type\":\"EntryPoint\",\"urlTemplate\":\"https:\/\/superflox.com\/?s={search_term_string}\"},\"query-input\":{\"@type\":\"PropertyValueSpecification\",\"valueRequired\":true,\"valueName\":\"search_term_string\"}}],\"inLanguage\":\"nl-NL\"},{\"@type\":\"Organization\",\"@id\":\"https:\/\/superflox.com\/#organization\",\"name\":\"SuperFlox\",\"url\":\"https:\/\/superflox.com\/\",\"logo\":{\"@type\":\"ImageObject\",\"inLanguage\":\"nl-NL\",\"@id\":\"https:\/\/superflox.com\/#\/schema\/logo\/image\/\",\"url\":\"https:\/\/superflox.com\/new\/wp-content\/uploads\/2025\/01\/logoBLACKcopy_crop.png\",\"contentUrl\":\"https:\/\/superflox.com\/new\/wp-content\/uploads\/2025\/01\/logoBLACKcopy_crop.png\",\"width\":799,\"height\":601,\"caption\":\"SuperFlox\"},\"image\":{\"@id\":\"https:\/\/superflox.com\/#\/schema\/logo\/image\/\"}}]}<\/script>\n<!-- \/ Yoast SEO plugin. -->","yoast_head_json":{"title":"Hoe werkt het - SuperFlox","robots":{"index":"index","follow":"follow","max-snippet":"max-snippet:-1","max-image-preview":"max-image-preview:large","max-video-preview":"max-video-preview:-1"},"canonical":"https:\/\/superflox.com\/how-it-works\/","og_locale":"nl_NL","og_type":"article","og_title":"Hoe werkt het - SuperFlox","og_description":"NATUURWETTEN BENUTTEN OM SCHONE LUCHT TE CRE\u00cbREN De unieke gepatenteerde technologie van SuperFlox een ongekende reductie van emissies, en luidt daarmee een nieuw tijdperk in van intelligente schone-luchttechnologie. Het is zelfs in staat om een veelheid aan schadelijke gassen om te zetten in schone lucht en CO\u2082 te verminderen zonder NOx te cre\u00ebren &#8211; iets [&hellip;]","og_url":"https:\/\/superflox.com\/how-it-works\/","og_site_name":"SuperFlox","article_modified_time":"2025-03-06T16:14:32+00:00","twitter_card":"summary_large_image","twitter_misc":{"Est. reading time":"3 minutes"},"schema":{"@context":"https:\/\/schema.org","@graph":[{"@type":"WebPage","@id":"https:\/\/superflox.com\/how-it-works\/","url":"https:\/\/superflox.com\/how-it-works\/","name":"Hoe werkt het - SuperFlox","isPartOf":{"@id":"https:\/\/superflox.com\/#website"},"datePublished":"2025-01-20T11:03:05+00:00","dateModified":"2025-03-06T16:14:32+00:00","breadcrumb":{"@id":"https:\/\/superflox.com\/how-it-works\/#breadcrumb"},"inLanguage":"nl-NL","potentialAction":[{"@type":"ReadAction","target":["https:\/\/superflox.com\/how-it-works\/"]}]},{"@type":"BreadcrumbList","@id":"https:\/\/superflox.com\/how-it-works\/#breadcrumb","itemListElement":[{"@type":"ListItem","position":1,"name":"Home","item":"https:\/\/superflox.com\/nl\/"},{"@type":"ListItem","position":2,"name":"Hoe werkt het"}]},{"@type":"WebSite","@id":"https:\/\/superflox.com\/#website","url":"https:\/\/superflox.com\/","name":"SuperFlox","description":"","publisher":{"@id":"https:\/\/superflox.com\/#organization"},"potentialAction":[{"@type":"SearchAction","target":{"@type":"EntryPoint","urlTemplate":"https:\/\/superflox.com\/?s={search_term_string}"},"query-input":{"@type":"PropertyValueSpecification","valueRequired":true,"valueName":"search_term_string"}}],"inLanguage":"nl-NL"},{"@type":"Organization","@id":"https:\/\/superflox.com\/#organization","name":"SuperFlox","url":"https:\/\/superflox.com\/","logo":{"@type":"ImageObject","inLanguage":"nl-NL","@id":"https:\/\/superflox.com\/#\/schema\/logo\/image\/","url":"https:\/\/superflox.com\/new\/wp-content\/uploads\/2025\/01\/logoBLACKcopy_crop.png","contentUrl":"https:\/\/superflox.com\/new\/wp-content\/uploads\/2025\/01\/logoBLACKcopy_crop.png","width":799,"height":601,"caption":"SuperFlox"},"image":{"@id":"https:\/\/superflox.com\/#\/schema\/logo\/image\/"}}]}},"_links":{"self":[{"href":"https:\/\/superflox.com\/nl\/wp-json\/wp\/v2\/pages\/595","targetHints":{"allow":["GET"]}}],"collection":[{"href":"https:\/\/superflox.com\/nl\/wp-json\/wp\/v2\/pages"}],"about":[{"href":"https:\/\/superflox.com\/nl\/wp-json\/wp\/v2\/types\/page"}],"author":[{"embeddable":true,"href":"https:\/\/superflox.com\/nl\/wp-json\/wp\/v2\/users\/1"}],"replies":[{"embeddable":true,"href":"https:\/\/superflox.com\/nl\/wp-json\/wp\/v2\/comments?post=595"}],"version-history":[{"count":6,"href":"https:\/\/superflox.com\/nl\/wp-json\/wp\/v2\/pages\/595\/revisions"}],"predecessor-version":[{"id":710,"href":"https:\/\/superflox.com\/nl\/wp-json\/wp\/v2\/pages\/595\/revisions\/710"}],"wp:attachment":[{"href":"https:\/\/superflox.com\/nl\/wp-json\/wp\/v2\/media?parent=595"}],"curies":[{"name":"wp","href":"https:\/\/api.w.org\/{rel}","templated":true}]}}